{"id":6198,"date":"2019-02-06T17:40:02","date_gmt":"2019-02-06T17:40:02","guid":{"rendered":"https:\/\/dominiodelavega.com\/nuestra-tierra\/"},"modified":"2023-11-14T14:24:14","modified_gmt":"2023-11-14T13:24:14","slug":"nuestra-tierra","status":"publish","type":"page","link":"https:\/\/dominiodelavega.com\/ko\/nuestra-tierra\/","title":{"rendered":"Nuestra tierra"},"content":{"rendered":"\t\t<div data-elementor-type=\"wp-post\" data-elementor-id=\"6198\" class=\"elementor elementor-6198 elementor-67\" data-elementor-settings=\"[]\">\n\t\t\t\t\t\t<div class=\"elementor-inner\">\n\t\t\t\t\t\t\t<div class=\"elementor-section-wrap\">\n\t\t\t\t\t\t\t<section class=\"elementor-section elementor-top-section elementor-element elementor-element-2ed7f15 elementor-section-content-top elementor-section-boxed elementor-section-height-default elementor-section-height-default\" data-id=\"2ed7f15\" data-element_type=\"section\">\n\t\t\t\t\t\t<div class=\"elementor-container elementor-column-gap-no\">\n\t\t\t\t\t\t\t<div class=\"elementor-row\">\n\t\t\t\t\t<div class=\"elementor-column elementor-col-50 elementor-top-column elementor-element elementor-element-3e94c2f\" data-id=\"3e94c2f\" data-element_type=\"column\">\n\t\t\t<div class=\"elementor-column-wrap elementor-element-populated\">\n\t\t\t\t\t\t\t<div class=\"elementor-widget-wrap\">\n\t\t\t\t\t\t<div class=\"elementor-element elementor-element-ffe879d elementor-widget elementor-widget-image\" data-id=\"ffe879d\" data-element_type=\"widget\" data-widget_type=\"image.default\">\n\t\t\t\t<div class=\"elementor-widget-container\">\n\t\t\t\t\t\t\t\t<div class=\"elementor-image\">\n\t\t\t\t\t\t\t\t\t\t\t\t<img width=\"856\" height=\"570\" src=\"https:\/\/dominiodelavega.com\/wp-content\/uploads\/2019\/02\/cepa-ancestral-bobal.jpg\" class=\"attachment-full size-full\" alt=\"\" loading=\"lazy\" srcset=\"https:\/\/dominiodelavega.com\/wp-content\/uploads\/2019\/02\/cepa-ancestral-bobal.jpg 856w, https:\/\/dominiodelavega.com\/wp-content\/uploads\/2019\/02\/cepa-ancestral-bobal-300x200.jpg 300w, https:\/\/dominiodelavega.com\/wp-content\/uploads\/2019\/02\/cepa-ancestral-bobal-768x511.jpg 768w\" sizes=\"(max-width: 856px) 100vw, 856px\" \/>\t\t\t\t\t\t\t\t\t\t\t\t\t\t<\/div>\n\t\t\t\t\t\t<\/div>\n\t\t\t\t<\/div>\n\t\t\t\t\t\t<\/div>\n\t\t\t\t\t<\/div>\n\t\t<\/div>\n\t\t\t\t<div class=\"elementor-column elementor-col-50 elementor-top-column elementor-element elementor-element-826ec88\" data-id=\"826ec88\" data-element_type=\"column\">\n\t\t\t<div class=\"elementor-column-wrap elementor-element-populated\">\n\t\t\t\t\t\t\t<div class=\"elementor-widget-wrap\">\n\t\t\t\t\t\t<div class=\"elementor-element elementor-element-c57d697 elementor-hidden-tablet elementor-hidden-phone title-cuadro elementor-widget elementor-widget-heading\" data-id=\"c57d697\" data-element_type=\"widget\" id=\"tierra-t1\" data-widget_type=\"heading.default\">\n\t\t\t\t<div class=\"elementor-widget-container\">\n\t\t\t<h2 class=\"elementor-heading-title elementor-size-default\">\uc640\uc774\ub108\ub9ac \uc704\uce58\uc640 \uae30\ud6c4 \n<\/h2>\t\t<\/div>\n\t\t\t\t<\/div>\n\t\t\t\t<div class=\"elementor-element elementor-element-ed34c95 elementor-hidden-desktop title-cuadro mobile elementor-widget elementor-widget-heading\" data-id=\"ed34c95\" data-element_type=\"widget\" id=\"tierra-t1m\" data-widget_type=\"heading.default\">\n\t\t\t\t<div class=\"elementor-widget-container\">\n\t\t\t<h2 class=\"elementor-heading-title elementor-size-default\">Nuestra ubicaci\u00f3n y el clima.<\/h2>\t\t<\/div>\n\t\t\t\t<\/div>\n\t\t\t\t<div class=\"elementor-element elementor-element-0df9ce4 elementor-widget elementor-widget-spacer\" data-id=\"0df9ce4\" data-element_type=\"widget\" data-widget_type=\"spacer.default\">\n\t\t\t\t<div class=\"elementor-widget-container\">\n\t\t\t\t\t<div class=\"elementor-spacer\">\n\t\t\t<div class=\"elementor-spacer-inner\"><\/div>\n\t\t<\/div>\n\t\t\t\t<\/div>\n\t\t\t\t<\/div>\n\t\t\t\t<div class=\"elementor-element elementor-element-515de16 elementor-hidden-tablet elementor-hidden-phone elementor-widget elementor-widget-text-editor\" data-id=\"515de16\" data-element_type=\"widget\" data-widget_type=\"text-editor.default\">\n\t\t\t\t<div class=\"elementor-widget-container\">\n\t\t\t\t\t\t\t\t<div class=\"elementor-text-editor elementor-clearfix\">\n\t\t\t\t<p style=\"text-align: left;\">\ub3c4\ubbf8\ub2c8\uc624 \ub370 \ub77c \ubca0\uac00 (Dominio de la Vega)\ub294 \uc2a4\ud398\uc778 \ubc1c\ub80c\uc2dc\uc544 (Valencia\/Spain)\uc5d0\uc11c \uc11c\ucabd\uc73c\ub85c 70km \ub5a8\uc5b4\uc9c4 \uc6b0\ud2f0\uc5d8 &#8211; \ub808\ucf00\ub098 (Utiel-Requena) \uc9c0\uc5ed\uc5d0 \uc704\uce58\ud558\uba70 \uc9c0\uc911\ud574\uc5d0 \uc811\ud574 \uc788\uc2b5\ub2c8\ub2e4. \ud574\ubc1c 600~900 \ubbf8\ud130\uc758 \uc810\ud1a0 \uc11d\ud68c\uc554 \ub9c8\ub978 \ud1a0\uc591\uc73c\ub85c \uc774\ub8e8\uc5b4\uc9c4 \ub192\uc740 \uace0\uc6d0 \uc9c0\ub300\uc785\ub2c8\ub2e4. \uc9c0\uc911\ud574\uc758 \uc601\ud5a5\uc744 \uac15\ud558\uac8c \ubc1b\ub294 \ub300\ub959\uc131 \uae30\ud6c4\ub85c \uaca8\uc6b8\uc740 \ub9e4\uc6b0 \ucda5\uace0 \uc5ec\ub984\uc740 \uac74\uc870\ud558\uace0 \ub354\uc6b0\uba70 \uac15\uc218\ub7c9\uc774 \uc801\uc2b5\ub2c8\ub2e4. \uace0\ub3c4\uc640 \ubc14\ub2e4\uc758 \uc601\ud5a5\uc73c\ub85c \uc640\uc778\uacfc \uce74\ubc14\ub294 \ub6f0\uc5b4\ub09c \uc219\uc131\ub3c4\uc640 \uc2e0\uc120\ud568, \ub9e4\uc6b0 \uace0\uc720\ud55c \ud2b9\uc9d5\uc744 \uac16\uac8c \ub429\ub2c8\ub2e4.<\/p>\t\t\t\t\t<\/div>\n\t\t\t\t\t\t<\/div>\n\t\t\t\t<\/div>\n\t\t\t\t<div class=\"elementor-element elementor-element-6dd6b8b elementor-hidden-desktop elementor-widget elementor-widget-text-editor\" data-id=\"6dd6b8b\" data-element_type=\"widget\" data-widget_type=\"text-editor.default\">\n\t\t\t\t<div class=\"elementor-widget-container\">\n\t\t\t\t\t\t\t\t<div class=\"elementor-text-editor elementor-clearfix\">\n\t\t\t\t<p style=\"text-align: left;\">Dominio de la Vega se encuentra en la comarca de Utiel-Requena, a 70 km al oeste de Valencia y, por tanto, del Mar Mediterr\u00e1neo. Un altiplano de tierras pobres arcilloso-calc\u00e1reas, con una altitud que oscila entre los 600 y los 900 metros. Su clima es continental con gran influencia mediterr\u00e1nea: inviernos\u00a0muy fr\u00edos y veranos secos y calurosos con precipitaciones escasas. La altitud y la influencia del Mar otorgan a nuestros vinos y cavas unos rasgos muy caracter\u00edsticos como la gran madurez y la frescura.<\/p>\t\t\t\t\t<\/div>\n\t\t\t\t\t\t<\/div>\n\t\t\t\t<\/div>\n\t\t\t\t<div class=\"elementor-element elementor-element-0b1dcaa elementor-hidden-desktop elementor-hidden-tablet elementor-widget elementor-widget-text-editor\" data-id=\"0b1dcaa\" data-element_type=\"widget\" data-widget_type=\"text-editor.default\">\n\t\t\t\t<div class=\"elementor-widget-container\">\n\t\t\t\t\t\t\t\t<div class=\"elementor-text-editor elementor-clearfix\">\n\t\t\t\t\t\t\t\t\t<\/div>\n\t\t\t\t\t\t<\/div>\n\t\t\t\t<\/div>\n\t\t\t\t\t\t<\/div>\n\t\t\t\t\t<\/div>\n\t\t<\/div>\n\t\t\t\t\t\t\t\t<\/div>\n\t\t\t\t\t<\/div>\n\t\t<\/section>\n\t\t\t\t<section class=\"elementor-section elementor-top-section elementor-element elementor-element-b98d26f elementor-section-boxed elementor-section-height-default elementor-section-height-default\" data-id=\"b98d26f\" data-element_type=\"section\">\n\t\t\t\t\t\t<div class=\"elementor-container elementor-column-gap-default\">\n\t\t\t\t\t\t\t<div class=\"elementor-row\">\n\t\t\t\t\t<div class=\"elementor-column elementor-col-100 elementor-top-column elementor-element elementor-element-bca811c\" data-id=\"bca811c\" data-element_type=\"column\">\n\t\t\t<div class=\"elementor-column-wrap elementor-element-populated\">\n\t\t\t\t\t\t\t<div class=\"elementor-widget-wrap\">\n\t\t\t\t\t\t<div class=\"elementor-element elementor-element-4dc5e68 elementor-widget elementor-widget-spacer\" data-id=\"4dc5e68\" data-element_type=\"widget\" data-widget_type=\"spacer.default\">\n\t\t\t\t<div class=\"elementor-widget-container\">\n\t\t\t\t\t<div class=\"elementor-spacer\">\n\t\t\t<div class=\"elementor-spacer-inner\"><\/div>\n\t\t<\/div>\n\t\t\t\t<\/div>\n\t\t\t\t<\/div>\n\t\t\t\t\t\t<\/div>\n\t\t\t\t\t<\/div>\n\t\t<\/div>\n\t\t\t\t\t\t\t\t<\/div>\n\t\t\t\t\t<\/div>\n\t\t<\/section>\n\t\t\t\t<section class=\"elementor-section elementor-top-section elementor-element elementor-element-bce7c5e elementor-section-content-top elementor-section-boxed elementor-section-height-default elementor-section-height-default\" data-id=\"bce7c5e\" data-element_type=\"section\">\n\t\t\t\t\t\t<div class=\"elementor-container elementor-column-gap-no\">\n\t\t\t\t\t\t\t<div class=\"elementor-row\">\n\t\t\t\t\t<div class=\"elementor-column elementor-col-50 elementor-top-column elementor-element elementor-element-f04b8f9\" data-id=\"f04b8f9\" data-element_type=\"column\">\n\t\t\t<div class=\"elementor-column-wrap elementor-element-populated\">\n\t\t\t\t\t\t\t<div class=\"elementor-widget-wrap\">\n\t\t\t\t\t\t<div class=\"elementor-element elementor-element-a8c9ccc elementor-hidden-tablet elementor-hidden-phone title-cuadro elementor-widget elementor-widget-heading\" data-id=\"a8c9ccc\" data-element_type=\"widget\" id=\"tierra-t2\" data-widget_type=\"heading.default\">\n\t\t\t\t<div class=\"elementor-widget-container\">\n\t\t\t<h2 class=\"elementor-heading-title elementor-size-default\">\ub17c\uc7a5<\/h2>\t\t<\/div>\n\t\t\t\t<\/div>\n\t\t\t\t<div class=\"elementor-element elementor-element-5409086 elementor-hidden-desktop elementor-widget elementor-widget-image\" data-id=\"5409086\" data-element_type=\"widget\" data-widget_type=\"image.default\">\n\t\t\t\t<div class=\"elementor-widget-container\">\n\t\t\t\t\t\t\t\t<div class=\"elementor-image\">\n\t\t\t\t\t\t\t\t\t\t\t\t<img width=\"640\" height=\"672\" src=\"https:\/\/dominiodelavega.com\/wp-content\/uploads\/2019\/02\/Finca-uvas-min-e1552409841184.jpg\" class=\"attachment-full size-full\" alt=\"\" loading=\"lazy\" srcset=\"https:\/\/dominiodelavega.com\/wp-content\/uploads\/2019\/02\/Finca-uvas-min-e1552409841184.jpg 640w, https:\/\/dominiodelavega.com\/wp-content\/uploads\/2019\/02\/Finca-uvas-min-e1552409841184-286x300.jpg 286w\" sizes=\"(max-width: 640px) 100vw, 640px\" \/>\t\t\t\t\t\t\t\t\t\t\t\t\t\t<\/div>\n\t\t\t\t\t\t<\/div>\n\t\t\t\t<\/div>\n\t\t\t\t<div class=\"elementor-element elementor-element-ec41534 elementor-hidden-desktop title-cuadro mobile elementor-widget elementor-widget-heading\" data-id=\"ec41534\" data-element_type=\"widget\" id=\"tierra-t2m\" data-widget_type=\"heading.default\">\n\t\t\t\t<div class=\"elementor-widget-container\">\n\t\t\t<h2 class=\"elementor-heading-title elementor-size-default\">Las fincas.<\/h2>\t\t<\/div>\n\t\t\t\t<\/div>\n\t\t\t\t<div class=\"elementor-element elementor-element-20d16ef elementor-widget elementor-widget-spacer\" data-id=\"20d16ef\" data-element_type=\"widget\" id=\"tierra-s2m\" data-widget_type=\"spacer.default\">\n\t\t\t\t<div class=\"elementor-widget-container\">\n\t\t\t\t\t<div class=\"elementor-spacer\">\n\t\t\t<div class=\"elementor-spacer-inner\"><\/div>\n\t\t<\/div>\n\t\t\t\t<\/div>\n\t\t\t\t<\/div>\n\t\t\t\t<div class=\"elementor-element elementor-element-e5a936d elementor-hidden-tablet elementor-hidden-phone elementor-widget elementor-widget-text-editor\" data-id=\"e5a936d\" data-element_type=\"widget\" data-widget_type=\"text-editor.default\">\n\t\t\t\t<div class=\"elementor-widget-container\">\n\t\t\t\t\t\t\t\t<div class=\"elementor-text-editor elementor-clearfix\">\n\t\t\t\t<p>2000 \ub144\uc774 \ub118\ub294 \uc640\uc778 \uc81c\uc870 \uc5ed\uc0ac\ub97c \uc9c0\ub2cc \uc774 \uc704\ub300\ud55c \uc640\uc778 \uc0b0\uc9c0\uc5d0\ub294 \ub18d\uc7a5\uacfc \uce74\ubc14 \uc758 \uc6d0\uc0b0\uc9c0\uac00 \ub418\ub294 \ub2e4\uc591\ud55c \ud1a0\uc591 \ubc0f \uae30\ud6c4 \ud2b9\uc131 \uc744 \uc9c0\ub2cc \ud3ec\ub3c4\ubc2d\uc774 \uc788\uc2b5\ub2c8\ub2e4. <\/p><p><span style=\"font-weight: 400;\">\ub77c \ubca0\uac00 ( La Vega), \uc5d8 \ud53c\ub098\ub808\ud638 (El Pinarejo), \ub77c \ubb34\uc5d8\ub77c (la Muela), \ub85c\uc2dc-\uc7c8 (Losilla)\ub294 \ub450 \uac00\uc9c0 \uc6d0\uc0b0\uc9c0\u00a0 \ud45c\uc2dc \ud558\uc5d0 \ud3ec\ub3c4\ub97c \uc7ac\ubc30\ud558\ub294 \ub18d\uc7a5\uc785\ub2c8\ub2e4. \ub514\uc624 \uce74\ubc14 (DO cava) \uc2a4\ud30c\ud074\ub9c1 \uc640\uc778\uacfc, \ub514\uc624 \uc6b0\ud2f0\uc5d8 \u2013 \ub808\ucf00\ub098\u00a0 (DO Utiel-Requena) \uc640\uc778\uc744 \uc0dd\uc0b0\ud569\ub2c8\ub2e4. \ub3c4\ubbf8\ub2c8\uc624 \ub370 \ub77c \ubca0\uac00 (Dominio de la Vega)\ub294 \uc640\uc778\uc758 \ud2b9\uc131\uc744 \uc81c\ub300\ub85c \uc804\ub2ec\ud558\uae30 \uc704\ud574\uc11c\ub294 \uc61b \ud3ec\ub3c4\ubc2d\uc5d0 \ub300\ud55c \uc0ac\ub791\uc744 \uac00\uc9c0\uace0 \uc640\uc778\uc774 \uc0dd\uc0b0\ub418\ub294 \ud3ec\ub3c4\ubc2d\uc744 \uc774\ud574\ud558\ub294 \uac83\uc774 \ud544\uc694\ud558\ub2e4\uace0 \uc0dd\uac01\ud569\ub2c8\ub2e4.\u00a0\u00a0<\/span><\/p>\t\t\t\t\t<\/div>\n\t\t\t\t\t\t<\/div>\n\t\t\t\t<\/div>\n\t\t\t\t<div class=\"elementor-element elementor-element-9536e32 elementor-hidden-desktop elementor-widget elementor-widget-text-editor\" data-id=\"9536e32\" data-element_type=\"widget\" data-widget_type=\"text-editor.default\">\n\t\t\t\t<div class=\"elementor-widget-container\">\n\t\t\t\t\t\t\t\t<div class=\"elementor-text-editor elementor-clearfix\">\n\t\t\t\t<p>Dentro de esta gran tierra de vinos con m\u00e1s de 2000 a\u00f1os de historia vitivin\u00edcola encontramos fincas, parajes, vi\u00f1edos de caracter\u00edsticas edafoclim\u00e1ticas diferentes que son el origen de nuestros cavas y vinos.<\/p><p>La Vega, El Pinarejo, la Muela o Losilla son las fincas de donde proceden nuestras uvas que cultivamos con las dos denominaciones de origen para las que trabajamos: DO cava para los espumosos y la DO Utiel-Requena para nuestros vinos. En Dominio de la Vega consideramos y entendemos que para transmitir nuestros vinos es imprescindible saber interpretar bien al vi\u00f1edo del que provienen, sintiendo gran predilecci\u00f3n por los vi\u00f1edos antiguos.<\/p>\t\t\t\t\t<\/div>\n\t\t\t\t\t\t<\/div>\n\t\t\t\t<\/div>\n\t\t\t\t<div class=\"elementor-element elementor-element-d182572 elementor-widget elementor-widget-spacer\" data-id=\"d182572\" data-element_type=\"widget\" data-widget_type=\"spacer.default\">\n\t\t\t\t<div class=\"elementor-widget-container\">\n\t\t\t\t\t<div class=\"elementor-spacer\">\n\t\t\t<div class=\"elementor-spacer-inner\"><\/div>\n\t\t<\/div>\n\t\t\t\t<\/div>\n\t\t\t\t<\/div>\n\t\t\t\t\t\t<\/div>\n\t\t\t\t\t<\/div>\n\t\t<\/div>\n\t\t\t\t<div class=\"elementor-column elementor-col-50 elementor-top-column elementor-element elementor-element-40b0c6f\" data-id=\"40b0c6f\" data-element_type=\"column\">\n\t\t\t<div class=\"elementor-column-wrap elementor-element-populated\">\n\t\t\t\t\t\t\t<div class=\"elementor-widget-wrap\">\n\t\t\t\t\t\t<div class=\"elementor-element elementor-element-025a9df elementor-hidden-tablet elementor-hidden-phone elementor-widget elementor-widget-image\" data-id=\"025a9df\" data-element_type=\"widget\" data-widget_type=\"image.default\">\n\t\t\t\t<div class=\"elementor-widget-container\">\n\t\t\t\t\t\t\t\t<div class=\"elementor-image\">\n\t\t\t\t\t\t\t\t\t\t\t\t<img width=\"640\" height=\"672\" src=\"https:\/\/dominiodelavega.com\/wp-content\/uploads\/2019\/02\/Finca-uvas-min-e1552409841184.jpg\" class=\"attachment-full size-full\" alt=\"\" loading=\"lazy\" srcset=\"https:\/\/dominiodelavega.com\/wp-content\/uploads\/2019\/02\/Finca-uvas-min-e1552409841184.jpg 640w, https:\/\/dominiodelavega.com\/wp-content\/uploads\/2019\/02\/Finca-uvas-min-e1552409841184-286x300.jpg 286w\" sizes=\"(max-width: 640px) 100vw, 640px\" \/>\t\t\t\t\t\t\t\t\t\t\t\t\t\t<\/div>\n\t\t\t\t\t\t<\/div>\n\t\t\t\t<\/div>\n\t\t\t\t\t\t<\/div>\n\t\t\t\t\t<\/div>\n\t\t<\/div>\n\t\t\t\t\t\t\t\t<\/div>\n\t\t\t\t\t<\/div>\n\t\t<\/section>\n\t\t\t\t<section class=\"elementor-section elementor-top-section elementor-element elementor-element-8735c86 elementor-section-boxed elementor-section-height-default elementor-section-height-default\" data-id=\"8735c86\" data-element_type=\"section\">\n\t\t\t\t\t\t<div class=\"elementor-container elementor-column-gap-extended\">\n\t\t\t\t\t\t\t<div class=\"elementor-row\">\n\t\t\t\t\t<div class=\"elementor-column elementor-col-25 elementor-top-column elementor-element elementor-element-79db5d3\" data-id=\"79db5d3\" data-element_type=\"column\">\n\t\t\t<div class=\"elementor-column-wrap elementor-element-populated\">\n\t\t\t\t\t\t\t<div class=\"elementor-widget-wrap\">\n\t\t\t\t\t\t<div class=\"elementor-element elementor-element-26dd9db elementor-widget elementor-widget-text-editor\" data-id=\"26dd9db\" data-element_type=\"widget\" data-widget_type=\"text-editor.default\">\n\t\t\t\t<div class=\"elementor-widget-container\">\n\t\t\t\t\t\t\t\t<div class=\"elementor-text-editor elementor-clearfix\">\n\t\t\t\t<p><span style=\"color: #000000; font-family: Arial, sans-serif;\"><span style=\"font-size: 14.0805px; white-space-collapse: preserve;\"><b>\ub77c \ubca0\uac00<\/b><\/span><\/span><\/p><p><span style=\"color: var( --e-global-color-text ); font-family: var( --e-global-typography-text-font-family ), Sans-serif; font-weight: var( --e-global-typography-text-font-weight ); font-size: 1rem; text-transform: var(--the7-base-text-transform); word-spacing: normal;\">\ub9c8\uce74\ubca0\uc624 \ud3ec\ub3c4\ubc2d\uc774 \uc704\uce58\ud558\ub294 \ub9c8\uadf8\ub85c \uac15 (r\u00edo Magro) \uc720\uc5ed\uc740 \ub0ae\uace0 \ud3c9\ud3c9\ud558\uba70 \ube44\uc625\ud55c\uc9c0\uc5ed, \ubd89\uc740 \uc810\ud1a0\ud1a0\uc591\uc73c\ub85c \ubd88\ub9ac\uc6b0\uba70, \uadf8 \ud3ec\ub3c4\ubc2d\uc5d0\uc11c \uc2e0\uc120\ub3c4\uac00 \ub192\uace0 \ube5b\uc758 \ub18d\ub3c4\uac00 \ub192\uc740 \ub9c8\uce74\ubca0\uc624\ub97c \uc7ac\ubc30\ud558\uace0 \uc788\uc73c\uba70. \uce74\ubc14 \uc0dd\uc0b0\uc758 \uae30\ubc18\uc774 \ub418\uace0 \uc788\uc2b5\ub2c8\ub2e4.<\/span><\/p><p><span style=\"font-weight: 400;\">\uc774 \uc9c0\uc5ed \ub0b4\uc5d0\uc11c \uc6b0\ub9ac\ub294 \ucc28\ubcc4\ud654 \ud560 \uac00\uce58\uac00 \uc788\ub294 \ud3ec\ub3c4\ubc2d\uc744 \ucc3e\uc2b5\ub2c8\ub2e4:\u00a0\u00a0<\/span><\/p><p><span style=\"font-weight: 400;\">\ud3ec\ub3c4\ubc2d\uc758 \uc624\ub79c \uc138\uc6d4\uc744 \ub5a0\uc62c\ub9ac\uac8c \ud558\ub294 \uc774\ub984\uc778 \uc138\ub85c \ud1a0\ucf58 (Cerro Toc\u00f3n)\uc740\u00a0\u00a0<\/span><\/p><p><span style=\"font-weight: 400;\">\uc640\uc774\ub108\ub9ac \uc606\uc5d0 \uc704\uce58\ud55c 1.4 \ud5e5\ud0c0\ub974\uc758 \ud2b9\ubcc4\ud55c \ud1a0\uc9c0\uc785\ub2c8\ub2e4.\u00a0\u00a0<\/span><\/p><p><span style=\"font-weight: 400;\">\uae4a\uc740 \ub545, \uc810\ud1a0-\uc11d\ud68c\uc554 \ud1a0\uc591\uc5d0 \uc218\ub839 18 \ub144\uc774\ub418\ub294 \ud53c\ub178 \ub204\uc544 (Pinot Noir) \ud3ec\ub3c4\ub098\ubb34\uac00 \uc2ec\uc5b4\uc838 \uc788\uc2b5\ub2c8\ub2e4. \uc774 \ud3ec\ub3c4\ubc2d\uc740 \uc0b0\ub3c4\uc640 \ubc14\ub514\uac10\uc774 \ub6f0\uc5b4\ub09c \ubc1c\ub780\uc2a4 \uc88b\uc740 \ud3ec\ub3c4\ub97c \uc7ac\ubc30\ud558\uba70, \uc7a5\uae30 \uc219\uc131 \ube14\ub791 \ub4dc \ub204\uc544 (Blanc de\u00a0 Noirs)\uce74\ubc14\ub97c \ub9cc\ub4e4\uae30\uc5d0 \uc774\uc0c1\uc801\uc785\ub2c8\ub2e4.\u00a0\u00a0<\/span><\/p>\t\t\t\t\t<\/div>\n\t\t\t\t\t\t<\/div>\n\t\t\t\t<\/div>\n\t\t\t\t\t\t<\/div>\n\t\t\t\t\t<\/div>\n\t\t<\/div>\n\t\t\t\t<div class=\"elementor-column elementor-col-25 elementor-top-column elementor-element elementor-element-5fac2c4\" data-id=\"5fac2c4\" data-element_type=\"column\">\n\t\t\t<div class=\"elementor-column-wrap elementor-element-populated\">\n\t\t\t\t\t\t\t<div class=\"elementor-widget-wrap\">\n\t\t\t\t\t\t<div class=\"elementor-element elementor-element-450cefa elementor-widget elementor-widget-text-editor\" data-id=\"450cefa\" data-element_type=\"widget\" data-widget_type=\"text-editor.default\">\n\t\t\t\t<div class=\"elementor-widget-container\">\n\t\t\t\t\t\t\t\t<div class=\"elementor-text-editor elementor-clearfix\">\n\t\t\t\t<p><span style=\"color: #000000; font-family: Space Grotesk, sans-serif;\"><b>\ub77c \ubb34\uc5d8\ub77c\u00a0<\/b><\/span><\/p><p>\ub808\ud034\ub098 ( Requena)\ub0a8\ub3d9\ucabd\uc5d0 \uc704\uce58\ud55c \uc9c0\uc5ed. \uc911\uac04 \uae4a\uc774\uc758 \uc11d\ud68c\uc554 \ud1a0\uc591\uc73c\ub85c \ub458\ub7ec\uc2f8\uc778 \uc791\uc740 \ubd80\uc9c0\uc5d0 50 \ub144 \uc774\uc0c1 \ub41c \uc624\ub798\ub41c \ud3ec\ub3c4\ub098\ubb34\uac00 \uace0\ube14\ub808\uc2dd \uc7ac\ubc30 (goblet pruning)\ubc29\uc2dd\uc73c\ub85c \uc2ec\uc5b4\uc838 \uc788\uc2b5\ub2c8\ub2e4. \ub77c \ubb34\uc5d8\ub77c\ub294<\/p><p>\uc6b0\uc544\ud568\uacfc \ubc84\ub514\uac10\uc744 \uacb8\ube44\ud55c \ud30c\ub77c\ud5e4 \ud1a0\ub974\ub12c (Paraje Tornel)\uacfc \ud770\uce74 \ub77c \ubca0\uc544\ud0c0 (Finca la Beata)\uc640\uc778\uc758 \ud3ec\ub3c4\uac00 \uc7ac\ubc30\ub418\ub294 \uc6d0\uc0b0\uc9c0\uc785\ub2c8\ub2e4. \ud574\ubc1c 780 \ubbf8\ud130\uc758 \uc18c\ub098\ubb34\uc640 \ub85c\uc988\ub9c8\ub9ac \ub098\ubb34\ub85c \ub458\ub7ec\uc2f8\uc778 3 \ud5e5\ud0c0\ub974 \ubbf8\ub9cc,\u00a0 \uc218\ub839 100 \ub144 \ud3ec\ub3c4\uc6d0\uc73c\ub85c, \uc810\ud1a0 \uc11d\ud68c\uc554 \ud1a0\uc591\uacfc \ub9e4\uc6b0 \ub9c8\ub978 \ud1a0\uc591\uc5d0\uc11c \uc0c9\uacfc \ud48d\ubbf8\uac00 \ub9e4\uc6b0 \ub18d\ucd95\ub41c \ubcf4\ubc1c\u00a0 (Bobal)\uc758 \ud3ec\ub3c4\uac00 \uc790\ub78d\ub2c8\ub2e4.\u00a0\u00a0<\/p>\t\t\t\t\t<\/div>\n\t\t\t\t\t\t<\/div>\n\t\t\t\t<\/div>\n\t\t\t\t\t\t<\/div>\n\t\t\t\t\t<\/div>\n\t\t<\/div>\n\t\t\t\t<div class=\"elementor-column elementor-col-25 elementor-top-column elementor-element elementor-element-1fcf9c7\" data-id=\"1fcf9c7\" data-element_type=\"column\">\n\t\t\t<div class=\"elementor-column-wrap elementor-element-populated\">\n\t\t\t\t\t\t\t<div class=\"elementor-widget-wrap\">\n\t\t\t\t\t\t<div class=\"elementor-element elementor-element-14440e2 elementor-widget elementor-widget-text-editor\" data-id=\"14440e2\" data-element_type=\"widget\" data-widget_type=\"text-editor.default\">\n\t\t\t\t<div class=\"elementor-widget-container\">\n\t\t\t\t\t\t\t\t<div class=\"elementor-text-editor elementor-clearfix\">\n\t\t\t\t<p><span style=\"color: #000000; font-family: Space Grotesk, sans-serif;\"><b>\uc5d8 \ud53c\ub098\ub808\ud638<\/b><\/span><\/p><p>\ub808\ud034\ub098 (Requena) \uc9c0\ubc29 \ubd81\ucabd\uc5d0 \uc788\ub294 \ud6c4\uc548 \uc0b4\ub9ac\ub098\uc2a4 (Juan Salinas)\uc0b0\ub9e5\uc758 \uc5b8\ub355\uc5d0 \uc2ec\uc5b4\uc838 \uc788\ub294 \uc18c\ub098\ubb34 \uc778\uc5f0\uc73c\ub85c 300 \uc5ec \ub144 \uc804\uc5d0 \uc774 \uc774\ub984\uc73c\ub85c \uc138\ub840\ub97c \ubc1b\uc558\uc2b5\ub2c8\ub2e4. \uc5d8 \ud53c\ub098\ub808\ud638 (El Pinarejo)\ub294 20 \ub144 \uc804\uc5d0 \uc0e4\ub974\ub3c4\ub124 (Chardonnay)\uc744 \uc2ec\uc740 4.7 \ud5e5\ud0c0\ub974\uc758 \ud3ec\ub3c4\ubc2d, \uc0dd\uc0b0\ub7c9\uc774 \uc801\uc740 \ud3ec\ub3c4\ubc2d\uc785\ub2c8\ub2e4. \uc791\uc740\u00a0 \ud3ec\ub3c4\uc1a1\uc774\uc5d0\ub294 \uc7a5\uae30 \uc219\uc131 \ud53c\ub098\ub808\ud638 \ucfe0\ubca0 \ud504\ub808\uc2a4\ud2f0\uc9c0 (Pinarejo Cuv\u00e9e Prestige) \uce74\ubc14 \uc6a9\uc73c\ub85c \ubcc4\ub3c4\ub85c \ub9cc\ub4e4 \uac00\uce58\uac00 \uc788\ub294 \uc12c\uc138\ud558\uace0 \ubbf8\uc138\ud55c \ubaa8\uc2a4\ud2b8\uac00 \ub2f4\uaca8 \uc788\uc2b5\ub2c8\ub2e4.\u00a0\u00a0<\/p>\t\t\t\t\t<\/div>\n\t\t\t\t\t\t<\/div>\n\t\t\t\t<\/div>\n\t\t\t\t\t\t<\/div>\n\t\t\t\t\t<\/div>\n\t\t<\/div>\n\t\t\t\t<div class=\"elementor-column elementor-col-25 elementor-top-column elementor-element elementor-element-aa27f5d\" data-id=\"aa27f5d\" data-element_type=\"column\">\n\t\t\t<div class=\"elementor-column-wrap elementor-element-populated\">\n\t\t\t\t\t\t\t<div class=\"elementor-widget-wrap\">\n\t\t\t\t\t\t<div class=\"elementor-element elementor-element-44c756e elementor-widget elementor-widget-text-editor\" data-id=\"44c756e\" data-element_type=\"widget\" data-widget_type=\"text-editor.default\">\n\t\t\t\t<div class=\"elementor-widget-container\">\n\t\t\t\t\t\t\t\t<div class=\"elementor-text-editor elementor-clearfix\">\n\t\t\t\t<p><font color=\"#000000\" face=\"Space Grotesk, sans-serif\"><b>\ub85c\uc2dc-\uc7c8<\/b><\/font><\/p>\n<p>\uc774\uacf3\uc740 \uc6b0\ub9ac\uac00 \uc778\uc218\ud55c \uac00\uc7a5 \ucd5c\uadfc\uc758 \ub18d\uc7a5\uc774\uc9c0\ub9cc \uac00\uc7a5 \uc624\ub798\ub41c \ub18d\uc7a5\uc785\ub2c8\ub2e4. \ub85c\uc2dc-\uc7c8 \ud3ec\ub3c4\ubc2d\uc740 114 \ub144\uc758 \uc5ed\uc0ac\ub97c \uac00\uc9c0\uace0 \uc788\uc2b5\ub2c8\ub2e4. \ub77c \ubb34\uc5d8\ub77c \ubcf4\ub2e4 \uc810\ud1a0\uc9c8\uc774 \ub9ce\uc740 \ud1a0\uc591, 4.5 \ud5e5\ud0c0\ub974\uc758 \uba74\uc801\uc744 \uac00\uc9c0\uace0 \uc788\uc73c\uba70, \uc790\uc5f0\uc5d0 \uc815\uc791\ud55c \ud1a0\uc9c0, \uadf8\uc758 \ud3ec\ub3c4 \ub098\ubb34\ub294 \uc811\ubaa9\uc744 \uc548 \ud569\ub2c8\ub2e4. \uc62c\ud574 \uc774 \ud1a0\uc9c0\uc5d0\uc11c \uccab \uc218\ud655\uc744 \ud588\uae30 \ub54c\ubb38\uc5d0 \ud604\uc7ac\ub85c\uc11c\ub294 \ub85c\uc2dc-\uc7c8 \ud3ec\ub3c4\ub85c \uc5b4\ub5a4 \uc640\uc778\uc774 \ub9cc\ub4e4\uc5b4\uc9c8\uc9c0 \uc544\uc9c1 \uc54c \uc218 \uc5c6\uc2b5\ub2c8\ub2e4.&nbsp;&nbsp;<\/p>\t\t\t\t\t<\/div>\n\t\t\t\t\t\t<\/div>\n\t\t\t\t<\/div>\n\t\t\t\t\t\t<\/div>\n\t\t\t\t\t<\/div>\n\t\t<\/div>\n\t\t\t\t\t\t\t\t<\/div>\n\t\t\t\t\t<\/div>\n\t\t<\/section>\n\t\t\t\t\t\t<\/div>\n\t\t\t\t\t\t<\/div>\n\t\t\t\t\t<\/div>\n\t\t","protected":false},"excerpt":{"rendered":"<p>\uc640\uc774\ub108\ub9ac \uc704\uce58\uc640 \uae30\ud6c4 Nuestra ubicaci\u00f3n y el clima. \ub3c4\ubbf8\ub2c8\uc624 \ub370 \ub77c \ubca0\uac00 (Dominio de la Vega)\ub294 \uc2a4\ud398\uc778 \ubc1c\ub80c\uc2dc\uc544 (Valencia\/Spain)\uc5d0\uc11c \uc11c\ucabd\uc73c\ub85c 70km \ub5a8\uc5b4\uc9c4 \uc6b0\ud2f0\uc5d8 &#8211; \ub808\ucf00\ub098 (Utiel-Requena) \uc9c0\uc5ed\uc5d0 \uc704\uce58\ud558\uba70 \uc9c0\uc911\ud574\uc5d0 \uc811\ud574 \uc788\uc2b5\ub2c8\ub2e4. \ud574\ubc1c 600~900 \ubbf8\ud130\uc758 \uc810\ud1a0 \uc11d\ud68c\uc554 \ub9c8\ub978 \ud1a0\uc591\uc73c\ub85c \uc774\ub8e8\uc5b4\uc9c4 \ub192\uc740 \uace0\uc6d0 \uc9c0\ub300\uc785\ub2c8\ub2e4. \uc9c0\uc911\ud574\uc758 \uc601\ud5a5\uc744 \uac15\ud558\uac8c \ubc1b\ub294 \ub300\ub959\uc131 \uae30\ud6c4\ub85c \uaca8\uc6b8\uc740 \ub9e4\uc6b0 \ucda5\uace0 \uc5ec\ub984\uc740 \uac74\uc870\ud558\uace0 \ub354\uc6b0\uba70 \uac15\uc218\ub7c9\uc774&hellip;<\/p>\n","protected":false},"author":2,"featured_media":0,"parent":0,"menu_order":0,"comment_status":"closed","ping_status":"closed","template":"","meta":{"inline_featured_image":false},"_links":{"self":[{"href":"https:\/\/dominiodelavega.com\/ko\/wp-json\/wp\/v2\/pages\/6198"}],"collection":[{"href":"https:\/\/dominiodelavega.com\/ko\/wp-json\/wp\/v2\/pages"}],"about":[{"href":"https:\/\/dominiodelavega.com\/ko\/wp-json\/wp\/v2\/types\/page"}],"author":[{"embeddable":true,"href":"https:\/\/dominiodelavega.com\/ko\/wp-json\/wp\/v2\/users\/2"}],"replies":[{"embeddable":true,"href":"https:\/\/dominiodelavega.com\/ko\/wp-json\/wp\/v2\/comments?post=6198"}],"version-history":[{"count":6,"href":"https:\/\/dominiodelavega.com\/ko\/wp-json\/wp\/v2\/pages\/6198\/revisions"}],"predecessor-version":[{"id":6204,"href":"https:\/\/dominiodelavega.com\/ko\/wp-json\/wp\/v2\/pages\/6198\/revisions\/6204"}],"wp:attachment":[{"href":"https:\/\/dominiodelavega.com\/ko\/wp-json\/wp\/v2\/media?parent=6198"}],"curies":[{"name":"wp","href":"https:\/\/api.w.org\/{rel}","templated":true}]}}