{"id":4201,"date":"2021-12-29T11:12:51","date_gmt":"2021-12-29T10:12:51","guid":{"rendered":"https:\/\/dominiodelavega.com\/?page_id=4201"},"modified":"2022-02-03T14:42:28","modified_gmt":"2022-02-03T13:42:28","slug":"cookies-policy","status":"publish","type":"page","link":"https:\/\/dominiodelavega.com\/en\/cookies-policy\/","title":{"rendered":"Pol\u00edtica de cookies"},"content":{"rendered":"\t\t<div data-elementor-type=\"wp-post\" data-elementor-id=\"4201\" class=\"elementor elementor-4201 elementor-921\" data-elementor-settings=\"[]\">\n\t\t\t\t\t\t<div class=\"elementor-inner\">\n\t\t\t\t\t\t\t<div class=\"elementor-section-wrap\">\n\t\t\t\t\t\t\t<section class=\"elementor-section elementor-top-section elementor-element elementor-element-d221bbd elementor-section-boxed elementor-section-height-default elementor-section-height-default\" data-id=\"d221bbd\" data-element_type=\"section\">\n\t\t\t\t\t\t<div class=\"elementor-container elementor-column-gap-default\">\n\t\t\t\t\t\t\t<div class=\"elementor-row\">\n\t\t\t\t\t<div class=\"elementor-column elementor-col-100 elementor-top-column elementor-element elementor-element-91bdaef\" data-id=\"91bdaef\" data-element_type=\"column\">\n\t\t\t<div class=\"elementor-column-wrap elementor-element-populated\">\n\t\t\t\t\t\t\t<div class=\"elementor-widget-wrap\">\n\t\t\t\t\t\t<div class=\"elementor-element elementor-element-f6b0e5f elementor-hidden-desktop elementor-hidden-tablet elementor-hidden-phone elementor-widget elementor-widget-image\" data-id=\"f6b0e5f\" data-element_type=\"widget\" data-widget_type=\"image.default\">\n\t\t\t\t<div class=\"elementor-widget-container\">\n\t\t\t\t\t\t\t\t<div class=\"elementor-image\">\n\t\t\t\t\t\t\t\t\t\t\t\t\t<a href=\"https:\/\/tienda.dominiodelavega.com\/categoria-producto\/cava-de-requena\/\" target=\"_blank\">\n\t\t\t\t\t\t\t<img width=\"1920\" height=\"400\" src=\"https:\/\/dominiodelavega.com\/wp-content\/uploads\/2020\/12\/Promocion-Cava-Premium-de-Requena.jpg\" class=\"attachment-full size-full\" alt=\"Promoci\u00f3n Cava Premium de Requena\" loading=\"lazy\" srcset=\"https:\/\/dominiodelavega.com\/wp-content\/uploads\/2020\/12\/Promocion-Cava-Premium-de-Requena.jpg 1920w, https:\/\/dominiodelavega.com\/wp-content\/uploads\/2020\/12\/Promocion-Cava-Premium-de-Requena-300x63.jpg 300w, https:\/\/dominiodelavega.com\/wp-content\/uploads\/2020\/12\/Promocion-Cava-Premium-de-Requena-1024x213.jpg 1024w, https:\/\/dominiodelavega.com\/wp-content\/uploads\/2020\/12\/Promocion-Cava-Premium-de-Requena-768x160.jpg 768w, https:\/\/dominiodelavega.com\/wp-content\/uploads\/2020\/12\/Promocion-Cava-Premium-de-Requena-1536x320.jpg 1536w\" sizes=\"(max-width: 1920px) 100vw, 1920px\" \/>\t\t\t\t\t\t\t\t<\/a>\n\t\t\t\t\t\t\t\t\t\t\t\t\t\t<\/div>\n\t\t\t\t\t\t<\/div>\n\t\t\t\t<\/div>\n\t\t\t\t\t\t<\/div>\n\t\t\t\t\t<\/div>\n\t\t<\/div>\n\t\t\t\t\t\t\t\t<\/div>\n\t\t\t\t\t<\/div>\n\t\t<\/section>\n\t\t\t\t<section class=\"elementor-section elementor-top-section elementor-element elementor-element-00fc615 elementor-section-boxed elementor-section-height-default elementor-section-height-default\" data-id=\"00fc615\" data-element_type=\"section\">\n\t\t\t\t\t\t<div class=\"elementor-container elementor-column-gap-default\">\n\t\t\t\t\t\t\t<div class=\"elementor-row\">\n\t\t\t\t\t<div class=\"elementor-column elementor-col-100 elementor-top-column elementor-element elementor-element-332e59e\" data-id=\"332e59e\" data-element_type=\"column\">\n\t\t\t<div class=\"elementor-column-wrap elementor-element-populated\">\n\t\t\t\t\t\t\t<div class=\"elementor-widget-wrap\">\n\t\t\t\t\t\t<div class=\"elementor-element elementor-element-96e67d3 elementor-widget elementor-widget-text-editor\" data-id=\"96e67d3\" data-element_type=\"widget\" data-widget_type=\"text-editor.default\">\n\t\t\t\t<div class=\"elementor-widget-container\">\n\t\t\t\t\t\t\t\t<div class=\"elementor-text-editor elementor-clearfix\">\n\t\t\t\t<div class=\"vc_row wpb_row vc_row-fluid\"><div class=\"wpb_column vc_column_container vc_col-sm-12\"><div class=\"vc_column-inner \"><div class=\"wpb_wrapper\"><div class=\"wpb_text_column wpb_content_element \"><div class=\"wpb_wrapper\"><h2>Nuestro uso de \u201ccookies\u201d<\/h2><p>Cuando entras en el sitio web tienda.dominiodelavega.com, est\u00e1s consintiendo autom\u00e1ticamente el uso de cookies en tu dispositivo. Aunque, siempre puedes evitar y borrar las cookies siguiendo estas instrucciones.<\/p><h2>\u00bfQu\u00e9 es una cookie?<\/h2><p>Una \u201cCookie\u201d es un peque\u00f1o archivo que se almacena en tu ordenador y nos permite reconocerte. Puede decirse que es tu tarjeta de identificaci\u00f3n, en otras palabras, nos permite reconocerte si vuelves al sitio tienda.dominiodelavega.com usando el mismo ordenador y navegador. El conjunto de \u201ccookies\u201d nos ayuda a mejorar la calidad de nuestra web, permiti\u00e9ndonos controlar que p\u00e1ginas encuentras \u00fatiles y cu\u00e1les no.<\/p><h2>\u00bfPor qu\u00e9 utilizamos cookies?<\/h2><p>Utilizamos cookies para recordar tus preferencias:<\/p><ul><li>Idioma y pa\u00eds.<\/li><li>Tus dise\u00f1os.<\/li><li>Caracter\u00edsticas de tu navegador.<\/li><li>Informaci\u00f3n de uso de nuestra web.<\/li><\/ul><h2>\u00bfC\u00f3mo pueden ayudarte?<\/h2><p>Recordando tus preferencias no tendremos que preguntarte por tu pa\u00eds cada vez que visites nuestra web. Sabremos las caracter\u00edsticas del ordenador que est\u00e1s usando y as\u00ed podremos ofrecerte una mejor experiencia de navegaci\u00f3n. Por favor, ten en cuenta que recogemos datos sobre tus movimientos y uso de nuestra web como datos estad\u00edsticos, no personales.<\/p><p>Algunas cookies vienen dadas por terceros. Estas son:<\/p><ul><li><a href=\"https:\/\/www.google.com\/policies\/privacy\/\" target=\"_blank\" rel=\"noopener noreferrer\">Google Analytics<\/a> de Google Inc. (Medici\u00f3n y uso de la web)<\/li><\/ul><h2>\u00bfC\u00f3mo evitar y\/o borrar las cookies?<\/h2><p>La mayor\u00eda de navegadores generalmente te permitir\u00e1n cambiar las caracter\u00edsticas de tu navegador para que \u00e9ste no acepte \u201ccookies\u201d, o borrarlas de tu ordenador. Muchos navegadores permiten activar un modo privado mediante al cual las cookies se borran siempre despu\u00e9s de tu visita. Depende de cada navegador este modo privado puede tener diferentes nombres, abajo puedes encontrar una lista de los navegadores m\u00e1s comunes y los diferentes nombres de este \u201cmodo privado\u201d:<\/p><ul><li>Internet Explorer 8 y superior; InPrivate<\/li><li>FireFox 3.5 y superior; Navegaci\u00f3n Privada<\/li><li>Google Chrome 10 y superior; Inc\u00f3gnito<\/li><li>Safari 2 y superior; Navegaci\u00f3n Privada<\/li><li>Opera 10.5 y superior; Navegaci\u00f3n Privada<\/li><\/ul><p>Por favor, lee atentamente la secci\u00f3n de ayuda de tu navegador para conocer m\u00e1s acerca de como activar el <strong>\u201cmodo privado\u201d<\/strong>. Podr\u00e1s seguir visitando nuestra web aunque tu navegador est\u00e9 en \u201cmodo privado\u201d aunque la experiencia de usuario puede no ser \u00f3ptima y algunas utilidades pueden no funcionar.<\/p><p>Por favor, lee nuestra p\u00e1gina de <a href=\"https:\/\/tienda.dominiodelavega.com\/aviso-legal\/\">Aviso legal<\/a>.<\/p><\/div><\/div><\/div><\/div><\/div><\/div>\t\t\t\t\t<\/div>\n\t\t\t\t\t\t<\/div>\n\t\t\t\t<\/div>\n\t\t\t\t\t\t<\/div>\n\t\t\t\t\t<\/div>\n\t\t<\/div>\n\t\t\t\t\t\t\t\t<\/div>\n\t\t\t\t\t<\/div>\n\t\t<\/section>\n\t\t\t\t\t\t<\/div>\n\t\t\t\t\t\t<\/div>\n\t\t\t\t\t<\/div>\n\t\t","protected":false},"excerpt":{"rendered":"<p>Nuestro uso de \u201ccookies\u201d Cuando entras en el sitio web tienda.dominiodelavega.com, est\u00e1s consintiendo autom\u00e1ticamente el uso de cookies en tu dispositivo. Aunque, siempre puedes evitar y borrar las cookies siguiendo estas instrucciones. \u00bfQu\u00e9 es una cookie? Una \u201cCookie\u201d es un peque\u00f1o archivo que se almacena en tu ordenador y nos permite reconocerte. Puede decirse que&hellip;<\/p>\n","protected":false},"author":2,"featured_media":0,"parent":0,"menu_order":0,"comment_status":"closed","ping_status":"closed","template":"","meta":{"inline_featured_image":false},"_links":{"self":[{"href":"https:\/\/dominiodelavega.com\/en\/wp-json\/wp\/v2\/pages\/4201"}],"collection":[{"href":"https:\/\/dominiodelavega.com\/en\/wp-json\/wp\/v2\/pages"}],"about":[{"href":"https:\/\/dominiodelavega.com\/en\/wp-json\/wp\/v2\/types\/page"}],"author":[{"embeddable":true,"href":"https:\/\/dominiodelavega.com\/en\/wp-json\/wp\/v2\/users\/2"}],"replies":[{"embeddable":true,"href":"https:\/\/dominiodelavega.com\/en\/wp-json\/wp\/v2\/comments?post=4201"}],"version-history":[{"count":2,"href":"https:\/\/dominiodelavega.com\/en\/wp-json\/wp\/v2\/pages\/4201\/revisions"}],"predecessor-version":[{"id":4277,"href":"https:\/\/dominiodelavega.com\/en\/wp-json\/wp\/v2\/pages\/4201\/revisions\/4277"}],"wp:attachment":[{"href":"https:\/\/dominiodelavega.com\/en\/wp-json\/wp\/v2\/media?parent=4201"}],"curies":[{"name":"wp","href":"https:\/\/api.w.org\/{rel}","templated":true}]}}