{"id":2132,"date":"2019-04-01T07:59:45","date_gmt":"2019-04-01T07:59:45","guid":{"rendered":"https:\/\/dominiodelavega.com\/?page_id=2132"},"modified":"2022-02-03T14:40:29","modified_gmt":"2022-02-03T13:40:29","slug":"our-day-to-day","status":"publish","type":"page","link":"https:\/\/dominiodelavega.com\/en\/our-day-to-day\/","title":{"rendered":"Our day to day"},"content":{"rendered":"\t\t<div data-elementor-type=\"wp-post\" data-elementor-id=\"2132\" class=\"elementor elementor-2132 elementor-396\" data-elementor-settings=\"[]\">\n\t\t\t\t\t\t<div class=\"elementor-inner\">\n\t\t\t\t\t\t\t<div class=\"elementor-section-wrap\">\n\t\t\t\t\t\t\t<section class=\"elementor-section elementor-top-section elementor-element elementor-element-822760f elementor-section-full_width elementor-section-height-default elementor-section-height-default\" data-id=\"822760f\" data-element_type=\"section\">\n\t\t\t\t\t\t<div class=\"elementor-container elementor-column-gap-no\">\n\t\t\t\t\t\t\t<div class=\"elementor-row\">\n\t\t\t\t\t<div class=\"elementor-column elementor-col-100 elementor-top-column elementor-element elementor-element-e9a3d1e\" data-id=\"e9a3d1e\" data-element_type=\"column\">\n\t\t\t<div class=\"elementor-column-wrap elementor-element-populated\">\n\t\t\t\t\t\t\t<div class=\"elementor-widget-wrap\">\n\t\t\t\t\t\t<div class=\"elementor-element elementor-element-ee40c27 titlepage elementor-widget elementor-widget-heading\" data-id=\"ee40c27\" data-element_type=\"widget\" data-widget_type=\"heading.default\">\n\t\t\t\t<div class=\"elementor-widget-container\">\n\t\t\t<h2 class=\"elementor-heading-title elementor-size-default\">Our day to day<\/h2>\t\t<\/div>\n\t\t\t\t<\/div>\n\t\t\t\t\t\t<\/div>\n\t\t\t\t\t<\/div>\n\t\t<\/div>\n\t\t\t\t\t\t\t\t<\/div>\n\t\t\t\t\t<\/div>\n\t\t<\/section>\n\t\t\t\t<section class=\"elementor-section elementor-top-section elementor-element elementor-element-4ff139d9 elementor-section-boxed elementor-section-height-default elementor-section-height-default\" data-id=\"4ff139d9\" data-element_type=\"section\">\n\t\t\t\t\t\t<div class=\"elementor-container elementor-column-gap-default\">\n\t\t\t\t\t\t\t<div class=\"elementor-row\">\n\t\t\t\t\t<div class=\"elementor-column elementor-col-100 elementor-top-column elementor-element elementor-element-3f687cc9\" data-id=\"3f687cc9\" data-element_type=\"column\">\n\t\t\t<div class=\"elementor-column-wrap elementor-element-populated\">\n\t\t\t\t\t\t\t<div class=\"elementor-widget-wrap\">\n\t\t\t\t\t\t<div class=\"elementor-element elementor-element-5a4ad04c elementor-widget elementor-widget-spacer\" data-id=\"5a4ad04c\" data-element_type=\"widget\" data-widget_type=\"spacer.default\">\n\t\t\t\t<div class=\"elementor-widget-container\">\n\t\t\t\t\t<div class=\"elementor-spacer\">\n\t\t\t<div class=\"elementor-spacer-inner\"><\/div>\n\t\t<\/div>\n\t\t\t\t<\/div>\n\t\t\t\t<\/div>\n\t\t\t\t<div class=\"elementor-element elementor-element-3647580f elementor-posts--align-left elementor-grid-3 elementor-grid-tablet-2 elementor-grid-mobile-1 elementor-posts--thumbnail-top elementor-card-shadow-yes elementor-posts__hover-gradient elementor-widget elementor-widget-posts\" data-id=\"3647580f\" data-element_type=\"widget\" data-settings=\"{&quot;cards_row_gap&quot;:{&quot;unit&quot;:&quot;px&quot;,&quot;size&quot;:60,&quot;sizes&quot;:[]},&quot;cards_columns&quot;:&quot;3&quot;,&quot;cards_columns_tablet&quot;:&quot;2&quot;,&quot;cards_columns_mobile&quot;:&quot;1&quot;,&quot;cards_row_gap_tablet&quot;:{&quot;unit&quot;:&quot;px&quot;,&quot;size&quot;:&quot;&quot;,&quot;sizes&quot;:[]},&quot;cards_row_gap_mobile&quot;:{&quot;unit&quot;:&quot;px&quot;,&quot;size&quot;:&quot;&quot;,&quot;sizes&quot;:[]}}\" data-widget_type=\"posts.cards\">\n\t\t\t\t<div class=\"elementor-widget-container\">\n\t\t\t\t\t<div class=\"elementor-posts-container elementor-posts elementor-posts--skin-cards elementor-grid\">\n\t\t\t\t<article class=\"elementor-post elementor-grid-item post-4504 post type-post status-publish format-standard has-post-thumbnail hentry category-news category-news-history\">\n\t\t\t<div class=\"elementor-post__card\">\n\t\t\t\t<a class=\"elementor-post__thumbnail__link\" href=\"https:\/\/dominiodelavega.com\/en\/news\/presentation-of-our-commitment-to-the-environment\/\" ><div class=\"elementor-post__thumbnail\"><img width=\"1280\" height=\"854\" src=\"https:\/\/dominiodelavega.com\/wp-content\/uploads\/2022\/03\/Dominio-de-la-Vega_Presentacion-compromiso-medioambiente.jpg\" class=\"attachment-full size-full\" alt=\"Presentaci\u00f3n de nuestro compromiso con el medioambiente\" loading=\"lazy\" srcset=\"https:\/\/dominiodelavega.com\/wp-content\/uploads\/2022\/03\/Dominio-de-la-Vega_Presentacion-compromiso-medioambiente.jpg 1280w, https:\/\/dominiodelavega.com\/wp-content\/uploads\/2022\/03\/Dominio-de-la-Vega_Presentacion-compromiso-medioambiente-300x200.jpg 300w, https:\/\/dominiodelavega.com\/wp-content\/uploads\/2022\/03\/Dominio-de-la-Vega_Presentacion-compromiso-medioambiente-1024x683.jpg 1024w, https:\/\/dominiodelavega.com\/wp-content\/uploads\/2022\/03\/Dominio-de-la-Vega_Presentacion-compromiso-medioambiente-768x512.jpg 768w\" sizes=\"(max-width: 1280px) 100vw, 1280px\" \/><\/div><\/a>\n\t\t\t\t<div class=\"elementor-post__text\">\n\t\t\t\t<h3 class=\"elementor-post__title\">\n\t\t\t<a href=\"https:\/\/dominiodelavega.com\/en\/news\/presentation-of-our-commitment-to-the-environment\/\" >\n\t\t\t\tPresentation of our commitment to the environment\t\t\t<\/a>\n\t\t<\/h3>\n\t\t\t\t<\/div>\n\t\t\t\t\t<\/div>\n\t\t<\/article>\n\t\t\t\t<article class=\"elementor-post elementor-grid-item post-4496 post type-post status-publish format-standard has-post-thumbnail hentry category-news category-news-history\">\n\t\t\t<div class=\"elementor-post__card\">\n\t\t\t\t<a class=\"elementor-post__thumbnail__link\" href=\"https:\/\/dominiodelavega.com\/en\/news\/beyond-the-design-of-an-eco-label\/\" ><div class=\"elementor-post__thumbnail\"><img width=\"1280\" height=\"700\" src=\"https:\/\/dominiodelavega.com\/wp-content\/uploads\/2022\/03\/mas-alla-disenio-etiqueta-ecologica.jpg\" class=\"attachment-full size-full\" alt=\"M\u00e1s all\u00e1 del dise\u00f1o de una etiqueta ecol\u00f3gica\" loading=\"lazy\" srcset=\"https:\/\/dominiodelavega.com\/wp-content\/uploads\/2022\/03\/mas-alla-disenio-etiqueta-ecologica.jpg 1280w, https:\/\/dominiodelavega.com\/wp-content\/uploads\/2022\/03\/mas-alla-disenio-etiqueta-ecologica-300x164.jpg 300w, https:\/\/dominiodelavega.com\/wp-content\/uploads\/2022\/03\/mas-alla-disenio-etiqueta-ecologica-1024x560.jpg 1024w, https:\/\/dominiodelavega.com\/wp-content\/uploads\/2022\/03\/mas-alla-disenio-etiqueta-ecologica-768x420.jpg 768w\" sizes=\"(max-width: 1280px) 100vw, 1280px\" \/><\/div><\/a>\n\t\t\t\t<div class=\"elementor-post__text\">\n\t\t\t\t<h3 class=\"elementor-post__title\">\n\t\t\t<a href=\"https:\/\/dominiodelavega.com\/en\/news\/beyond-the-design-of-an-eco-label\/\" >\n\t\t\t\tBeyond the design of an eco-label\t\t\t<\/a>\n\t\t<\/h3>\n\t\t\t\t<\/div>\n\t\t\t\t\t<\/div>\n\t\t<\/article>\n\t\t\t\t<article class=\"elementor-post elementor-grid-item post-4197 post type-post status-publish format-standard has-post-thumbnail hentry category-news category-news-history\">\n\t\t\t<div class=\"elementor-post__card\">\n\t\t\t\t<a class=\"elementor-post__thumbnail__link\" href=\"https:\/\/dominiodelavega.com\/en\/news\/reunion-del-consejo-de-administracion\/\" ><div class=\"elementor-post__thumbnail\"><img width=\"1100\" height=\"825\" src=\"https:\/\/dominiodelavega.com\/wp-content\/uploads\/2020\/11\/reunion-consejo-administracion-dominio-de-la-vega.jpg\" class=\"attachment-full size-full\" alt=\"Reuni\u00f3n Consejo de Administraci\u00f3n de Dominio de la Vega\" loading=\"lazy\" srcset=\"https:\/\/dominiodelavega.com\/wp-content\/uploads\/2020\/11\/reunion-consejo-administracion-dominio-de-la-vega.jpg 1100w, https:\/\/dominiodelavega.com\/wp-content\/uploads\/2020\/11\/reunion-consejo-administracion-dominio-de-la-vega-300x225.jpg 300w, https:\/\/dominiodelavega.com\/wp-content\/uploads\/2020\/11\/reunion-consejo-administracion-dominio-de-la-vega-1024x768.jpg 1024w, https:\/\/dominiodelavega.com\/wp-content\/uploads\/2020\/11\/reunion-consejo-administracion-dominio-de-la-vega-768x576.jpg 768w\" sizes=\"(max-width: 1100px) 100vw, 1100px\" \/><\/div><\/a>\n\t\t\t\t<div class=\"elementor-post__text\">\n\t\t\t\t<h3 class=\"elementor-post__title\">\n\t\t\t<a href=\"https:\/\/dominiodelavega.com\/en\/news\/reunion-del-consejo-de-administracion\/\" >\n\t\t\t\tReuni\u00f3n del Consejo de Administraci\u00f3n\t\t\t<\/a>\n\t\t<\/h3>\n\t\t\t\t<\/div>\n\t\t\t\t\t<\/div>\n\t\t<\/article>\n\t\t\t\t<article class=\"elementor-post elementor-grid-item post-4195 post type-post status-publish format-standard has-post-thumbnail hentry category-news category-news-history\">\n\t\t\t<div class=\"elementor-post__card\">\n\t\t\t\t<a class=\"elementor-post__thumbnail__link\" href=\"https:\/\/dominiodelavega.com\/en\/news\/dominio-de-la-vega-18-anos-elaborando-cava-reserva\/\" ><div class=\"elementor-post__thumbnail\"><img width=\"1280\" height=\"700\" src=\"https:\/\/dominiodelavega.com\/wp-content\/uploads\/2020\/11\/Madurez-y-experiencia-DV-Cava-Premium-de-Requena.jpg\" class=\"attachment-full size-full\" alt=\"Madurez y experiencia: Dominio de la Vega Cava Premium de Requena\" loading=\"lazy\" srcset=\"https:\/\/dominiodelavega.com\/wp-content\/uploads\/2020\/11\/Madurez-y-experiencia-DV-Cava-Premium-de-Requena.jpg 1280w, https:\/\/dominiodelavega.com\/wp-content\/uploads\/2020\/11\/Madurez-y-experiencia-DV-Cava-Premium-de-Requena-300x164.jpg 300w, https:\/\/dominiodelavega.com\/wp-content\/uploads\/2020\/11\/Madurez-y-experiencia-DV-Cava-Premium-de-Requena-1024x560.jpg 1024w, https:\/\/dominiodelavega.com\/wp-content\/uploads\/2020\/11\/Madurez-y-experiencia-DV-Cava-Premium-de-Requena-768x420.jpg 768w\" sizes=\"(max-width: 1280px) 100vw, 1280px\" \/><\/div><\/a>\n\t\t\t\t<div class=\"elementor-post__text\">\n\t\t\t\t<h3 class=\"elementor-post__title\">\n\t\t\t<a href=\"https:\/\/dominiodelavega.com\/en\/news\/dominio-de-la-vega-18-anos-elaborando-cava-reserva\/\" >\n\t\t\t\tDominio de la Vega: 18 a\u00f1os elaborando Cava Reserva\t\t\t<\/a>\n\t\t<\/h3>\n\t\t\t\t<\/div>\n\t\t\t\t\t<\/div>\n\t\t<\/article>\n\t\t\t\t<\/div>\n\n\n\t\t\n\t\t\t\t<\/div>\n\t\t\t\t<\/div>\n\t\t\t\t\t\t<\/div>\n\t\t\t\t\t<\/div>\n\t\t<\/div>\n\t\t\t\t\t\t\t\t<\/div>\n\t\t\t\t\t<\/div>\n\t\t<\/section>\n\t\t\t\t\t\t<\/div>\n\t\t\t\t\t\t<\/div>\n\t\t\t\t\t<\/div>\n\t\t","protected":false},"excerpt":{"rendered":"<p>Our day to day<\/p>\n","protected":false},"author":2,"featured_media":0,"parent":0,"menu_order":0,"comment_status":"closed","ping_status":"closed","template":"","meta":{"inline_featured_image":false},"_links":{"self":[{"href":"https:\/\/dominiodelavega.com\/en\/wp-json\/wp\/v2\/pages\/2132"}],"collection":[{"href":"https:\/\/dominiodelavega.com\/en\/wp-json\/wp\/v2\/pages"}],"about":[{"href":"https:\/\/dominiodelavega.com\/en\/wp-json\/wp\/v2\/types\/page"}],"author":[{"embeddable":true,"href":"https:\/\/dominiodelavega.com\/en\/wp-json\/wp\/v2\/users\/2"}],"replies":[{"embeddable":true,"href":"https:\/\/dominiodelavega.com\/en\/wp-json\/wp\/v2\/comments?post=2132"}],"version-history":[{"count":11,"href":"https:\/\/dominiodelavega.com\/en\/wp-json\/wp\/v2\/pages\/2132\/revisions"}],"predecessor-version":[{"id":4275,"href":"https:\/\/dominiodelavega.com\/en\/wp-json\/wp\/v2\/pages\/2132\/revisions\/4275"}],"wp:attachment":[{"href":"https:\/\/dominiodelavega.com\/en\/wp-json\/wp\/v2\/media?parent=2132"}],"curies":[{"name":"wp","href":"https:\/\/api.w.org\/{rel}","templated":true}]}}